{"id":3615,"date":"2024-01-23T14:26:39","date_gmt":"2024-01-23T13:26:39","guid":{"rendered":"https:\/\/tjaralinwp.azurewebsites.net\/support-portal\/"},"modified":"2024-01-23T14:26:39","modified_gmt":"2024-01-23T13:26:39","slug":"support-portal","status":"publish","type":"page","link":"https:\/\/tjaralin.no\/sv\/supportportal\/","title":{"rendered":"Supportportal"},"content":{"rendered":"<p>Logga in eller skapa ett konto f\u00f6r att f\u00e5 tillg\u00e5ng till Tj\u00e6ralins supportportal<\/p>\n<p><div class=\"fst_login_form_auth_wrapper\"><div id=\"fst_login_form\" class=\"fst_login_wrapper\"><form name=\"loginform\" id=\"loginform\" action=\"https:\/\/tjaralin.no\/wp-login.php\" method=\"post\"><p class=\"login-username\">\n\t\t\t\t<label for=\"user_login\">Anv\u00e4ndarnamn eller e-postadress<\/label>\n\t\t\t\t<input type=\"text\" name=\"log\" id=\"user_login\" autocomplete=\"username\" class=\"input\" value=\"\" size=\"20\" \/>\n\t\t\t<\/p><p class=\"login-password\">\n\t\t\t\t<label for=\"user_pass\">L\u00f6senord<\/label>\n\t\t\t\t<input type=\"password\" name=\"pwd\" id=\"user_pass\" autocomplete=\"current-password\" spellcheck=\"false\" class=\"input\" value=\"\" size=\"20\" \/>\n\t\t\t<\/p><p class=\"login-remember\"><label><input name=\"rememberme\" type=\"checkbox\" id=\"rememberme\" value=\"forever\" checked=\"checked\" \/> Kom ih\u00e5g mig<\/label><\/p><p class=\"login-submit\">\n\t\t\t\t<input type=\"submit\" name=\"wp-submit\" id=\"wp-submit\" class=\"button button-primary\" value=\"Logga in p\u00e5 ditt konto\" \/>\n\t\t\t\t<input type=\"hidden\" name=\"redirect_to\" value=\"https:\/\/tjaralin.no\/sv\/supportportal\" \/>\n\t\t\t<\/p><\/form><p style=\"text-align: center\">\u00c4r du inte registrerad? <a href=\"#\" id=\"fs_show_signup\">Skapa ett konto<\/a><\/p><p style=\"text-align: center\">Har du gl\u00f6mt ditt l\u00f6senord? <a href=\"#\" id=\"fs_show_reset_password\">\u00c5terst\u00e4ll l\u00f6senord<\/a><\/p><\/div><div class=\"fst_registration_wrapper hide\"><form id=\"fstRegistrationForm\" class=\"fs_registration_form\" method=\"post\" name=\"fs_registration_form\" action=\"\"><div class=\"fst_field_group fst_field_first_name\"><div class=\"fst_field_label is-required\"><label for=\"fst_first_name\">F\u00f6rnamn<\/label><\/div><div class=\"fs_input_wrap\"><input type=\"text\" id=\"fst_first_name\" placeholder=\"F\u00f6rnamn\" name=\"first_name\" required=\"required\"  \/><\/div><\/div><div class=\"fst_field_group fst_field_last_name\"><div class=\"fst_field_label\"><label for=\"fst_last_name\">Efternamn<\/label><\/div><div class=\"fs_input_wrap\"><input type=\"text\" id=\"fst_last_name\" placeholder=\"Efternamn\" name=\"last_name\"  \/><\/div><\/div><div class=\"fst_field_group fst_field_username\"><div class=\"fst_field_label is-required\"><label for=\"fst_username\">Ditt anv\u00e4ndarnamn<\/label><\/div><div class=\"fs_input_wrap\"><input type=\"text\" id=\"fst_username\" placeholder=\"Ditt anv\u00e4ndarnamn\" name=\"username\" required=\"required\"  \/><\/div><\/div><div class=\"fst_field_group fst_field_email\"><div class=\"fst_field_label is-required\"><label for=\"fst_email\">E-postadress<\/label><\/div><div class=\"fs_input_wrap\"><input type=\"email\" id=\"fst_email\" placeholder=\"Din e-postadress\" name=\"email\" required=\"required\"  \/><\/div><\/div><div class=\"fst_field_group fst_field_password\"><div class=\"fst_field_label is-required\"><label for=\"fst_password\">L\u00f6senord<\/label><\/div><div class=\"fs_input_wrap\"><input type=\"password\" id=\"fst_password\" placeholder=\"L\u00f6senord\" name=\"password\" required=\"required\"  \/><\/div><\/div><input type=\"hidden\" name=\"__redirect_to\" value=\"https:\/\/tjaralin.no\/sv\/supportportal\"><input type=\"hidden\" name=\"_fsupport_signup_nonce\" value=\"f5768f723f\"><button type=\"submit\" id=\"fst_submit\"><svg version=\"1.1\" id=\"loader-1\" xmlns=\"http:\/\/www.w3.org\/2000\/svg\" xmlns:xlink=\"http:\/\/www.w3.org\/1999\/xlink\" x=\"0px\" y=\"0px\"\n           width=\"40px\" height=\"20px\" viewbox=\"0 0 50 50\" style=\"enable-background:new 0 0 50 50;\" xml:space=\"preserve\">\n        <path fill=\"#000\" d=\"M43.935,25.145c0-10.318-8.364-18.683-18.683-18.683c-10.318,0-18.683,8.365-18.683,18.683h4.068c0-8.071,6.543-14.615,14.615-14.615c8.072,0,14.615,6.543,14.615,14.615H43.935z\">\n          <animatetransform attributetype=\"xml\"\n            attributename=\"transform\"\n            type=\"rotate\"\n            from=\"0 25 25\"\n            to=\"360 25 25\"\n            dur=\"0.6s\"\n            repeatcount=\"indefinite\"\/>\n          <\/path>\n        <\/svg><span>Registrera dig<\/span><\/button><input type=\"hidden\" name=\"trp-form-language\" value=\"sv\"\/><\/form><p style=\"text-align: center\">Har du redan ett konto? <a href=\"#\" id=\"fs_show_login\">Logga in<\/a><\/p><\/div><div class=\"fst_reset_pass_wrapper hide\"><form id=\"fstResetPasswordForm\" class=\"fs_reset_pass_form\" method=\"post\" name=\"fs_reset_pass_form\" action=\"\"><div class=\"fst_field_group fst_field_user_login\"><div class=\"fst_field_label is-required\"><label for=\"fst_email\">E-postadress<\/label><\/div><div class=\"fs_input_wrap\"><input type=\"text\" id=\"fst_email\" placeholder=\"Din e-postadress\" name=\"user_login\" required=\"required\"  \/><\/div><\/div><input type=\"hidden\" name=\"__redirect_to\" value=\"https:\/\/tjaralin.no\/sv\/supportportal\"><input type=\"hidden\" name=\"_fsupport_reset_pass_nonce\" value=\"d8beceb932\"><button type=\"submit\" id=\"fst_reset_pass\"><svg version=\"1.1\" id=\"loader-1\" xmlns=\"http:\/\/www.w3.org\/2000\/svg\" xmlns:xlink=\"http:\/\/www.w3.org\/1999\/xlink\" x=\"0px\" y=\"0px\"\n           width=\"40px\" height=\"20px\" viewbox=\"0 0 50 50\" style=\"enable-background:new 0 0 50 50;\" xml:space=\"preserve\">\n        <path fill=\"#000\" d=\"M43.935,25.145c0-10.318-8.364-18.683-18.683-18.683c-10.318,0-18.683,8.365-18.683,18.683h4.068c0-8.071,6.543-14.615,14.615-14.615c8.072,0,14.615,6.543,14.615,14.615H43.935z\">\n          <animatetransform attributetype=\"xml\"\n            attributename=\"transform\"\n            type=\"rotate\"\n            from=\"0 25 25\"\n            to=\"360 25 25\"\n            dur=\"0.6s\"\n            repeatcount=\"indefinite\"\/>\n          <\/path>\n        <\/svg><span>\u00c5terst\u00e4ll l\u00f6senord<\/span><\/button><input type=\"hidden\" name=\"trp-form-language\" value=\"sv\"\/><\/form><\/div><\/div><\/p>","protected":false},"excerpt":{"rendered":"","protected":false},"author":1,"featured_media":0,"parent":0,"menu_order":0,"comment_status":"close","ping_status":"close","template":"","meta":{"footnotes":""},"class_list":["post-3615","page","type-page","status-publish","hentry"],"aioseo_notices":[],"_links":{"self":[{"href":"https:\/\/tjaralin.no\/sv\/wp-json\/wp\/v2\/pages\/3615"}],"collection":[{"href":"https:\/\/tjaralin.no\/sv\/wp-json\/wp\/v2\/pages"}],"about":[{"href":"https:\/\/tjaralin.no\/sv\/wp-json\/wp\/v2\/types\/page"}],"author":[{"embeddable":true,"href":"https:\/\/tjaralin.no\/sv\/wp-json\/wp\/v2\/users\/1"}],"replies":[{"embeddable":true,"href":"https:\/\/tjaralin.no\/sv\/wp-json\/wp\/v2\/comments?post=3615"}],"version-history":[{"count":0,"href":"https:\/\/tjaralin.no\/sv\/wp-json\/wp\/v2\/pages\/3615\/revisions"}],"wp:attachment":[{"href":"https:\/\/tjaralin.no\/sv\/wp-json\/wp\/v2\/media?parent=3615"}],"curies":[{"name":"wp","href":"https:\/\/api.w.org\/{rel}","templated":true}]}}