{"id":1933,"date":"2023-10-06T12:23:23","date_gmt":"2023-10-06T10:23:23","guid":{"rendered":"https:\/\/tjaralinwp.azurewebsites.net\/?post_type=product&#038;p=1933"},"modified":"2025-03-06T13:01:51","modified_gmt":"2025-03-06T12:01:51","slug":"froya-tak-vegg","status":"publish","type":"product","link":"https:\/\/tjaralin.no\/sv\/produkt\/froya-takvagg\/","title":{"rendered":"Fr\u00f8ya Tak &amp; Vegg 02"},"content":{"rendered":"<p>Interi\u00f6rf\u00e4rg i h\u00f6gsta kvalitet med olik anv\u00e4ndningsomr\u00e5den och glans. I den h\u00e4r serien hittar du garanterat det du beh\u00f6ver n\u00e4r du ska f\u00f6rnya ditt hem. Exklusiv f\u00e4rg som t\u00e4cker v\u00e4l och g\u00f6r renovering och f\u00f6rnyande till ett roligt projekt<\/p>\n<p>Fr\u00f8ya Tak &amp; Vegg \u00e4r en akrylbaserad, matt och vattenburen interi\u00f6rf\u00e4rg som kan anv\u00e4ndas p\u00e5 underlag som byggnadsplattor och glasfiberv\u00e4v samt p\u00e5 underlag av puts, betong och spackel. Kan \u00e4ven anv\u00e4ndas p\u00e5 ytor som tidigare har m\u00e5lats med latexf\u00e4rg eller matt, oljebaserad primer\/f\u00e4rg. Tak &amp; Vegg \u00e4r tv\u00e4ttbar, enkel att applicera, sprutar inte och t\u00e4cker v\u00e4l. Kommer i matt 02 och silkematt 10.<\/p>","protected":false},"excerpt":{"rendered":"<p style=\"text-align: center;\">2-1! F\u00f6r tak och v\u00e4gg.<\/p>\n<ul style=\"text-align: left;\">\n<li>Mycket l\u00e4tt att applicera<\/li>\n<li>St\u00e4nker inte<\/li>\n<li>Mycket bra d\u00e4ck<\/li>\n<\/ul>","protected":false},"featured_media":8238,"template":"","meta":[],"product_cat":[34],"product_tag":[43],"class_list":{"0":"post-1933","1":"product","2":"type-product","3":"status-publish","4":"has-post-thumbnail","6":"product_cat-inne","7":"product_tag-maling","9":"first","10":"instock","11":"shipping-taxable","12":"product-type-simple"},"aioseo_notices":[],"_links":{"self":[{"href":"https:\/\/tjaralin.no\/sv\/wp-json\/wp\/v2\/product\/1933"}],"collection":[{"href":"https:\/\/tjaralin.no\/sv\/wp-json\/wp\/v2\/product"}],"about":[{"href":"https:\/\/tjaralin.no\/sv\/wp-json\/wp\/v2\/types\/product"}],"wp:featuredmedia":[{"embeddable":true,"href":"https:\/\/tjaralin.no\/sv\/wp-json\/wp\/v2\/media\/8238"}],"wp:attachment":[{"href":"https:\/\/tjaralin.no\/sv\/wp-json\/wp\/v2\/media?parent=1933"}],"wp:term":[{"taxonomy":"product_cat","embeddable":true,"href":"https:\/\/tjaralin.no\/sv\/wp-json\/wp\/v2\/product_cat?post=1933"},{"taxonomy":"product_tag","embeddable":true,"href":"https:\/\/tjaralin.no\/sv\/wp-json\/wp\/v2\/product_tag?post=1933"}],"curies":[{"name":"wp","href":"https:\/\/api.w.org\/{rel}","templated":true}]}}