{"id":1941,"date":"2023-10-06T12:24:42","date_gmt":"2023-10-06T10:24:42","guid":{"rendered":"https:\/\/tjaralinwp.azurewebsites.net\/?post_type=product&#038;p=1941"},"modified":"2026-05-11T19:24:37","modified_gmt":"2026-05-11T17:24:37","slug":"froya-vegg-panel","status":"publish","type":"product","link":"https:\/\/www.tjaralin.one\/sv\/produkt\/vaggpanel-av-froya\/","title":{"rendered":"Fr\u00f8ya V\u00e4gg &amp; Panel"},"content":{"rendered":"<p>Interi\u00f6rf\u00e4rg i h\u00f6gsta kvalitet med olik anv\u00e4ndningsomr\u00e5den och glans. I den h\u00e4r serien hittar du garanterat det du beh\u00f6ver n\u00e4r du ska f\u00f6rnya ditt hem. Exklusiv f\u00e4rg som t\u00e4cker v\u00e4l och g\u00f6r renovering och f\u00f6rnyande till ett roligt projekt<\/p>\n<p>Fr\u00f8ya Vegg &amp; Panel \u00e4r en silkesmatt och vattenburen interi\u00f6rf\u00e4rg som kan anv\u00e4ndas p\u00e5 underlag som byggnadsplattor, panel, glassfiber, milj\u00f6v\u00e4v, tapeter, spackel, mur och betong. Det \u00e4r en exklusiv f\u00e4rg som har ett mycket bra flyt och \u00e4r enkel att applicera. Sprutar inte, t\u00e4cker v\u00e4l och \u00e4r tv\u00e4ttbar.teknik. F\u00e4rgen har mycket bra flyt, t\u00e4cker v\u00e4l och \u00e4r enkel att applicera, samtidigt som den \u00e4r slitstark.<\/p>","protected":false},"excerpt":{"rendered":"<p style=\"text-align: center;\">F\u00f6r v\u00e4gg och panel<\/p>\n<ul style=\"text-align: left;\">\n<li>Mycket l\u00e4tt att applicera<\/li>\n<li>St\u00e4nker inte<\/li>\n<li>Mycket bra d\u00e4ck<\/li>\n<\/ul>","protected":false},"featured_media":1938,"template":"","meta":[],"product_cat":[34],"product_tag":[43],"class_list":{"0":"post-1941","1":"product","2":"type-product","3":"status-publish","4":"has-post-thumbnail","6":"product_cat-inne","7":"product_tag-maling","9":"first","10":"instock","11":"shipping-taxable","12":"purchasable","13":"product-type-simple"},"aioseo_notices":[],"_links":{"self":[{"href":"https:\/\/www.tjaralin.one\/sv\/wp-json\/wp\/v2\/product\/1941"}],"collection":[{"href":"https:\/\/www.tjaralin.one\/sv\/wp-json\/wp\/v2\/product"}],"about":[{"href":"https:\/\/www.tjaralin.one\/sv\/wp-json\/wp\/v2\/types\/product"}],"wp:featuredmedia":[{"embeddable":true,"href":"https:\/\/www.tjaralin.one\/sv\/wp-json\/wp\/v2\/media\/1938"}],"wp:attachment":[{"href":"https:\/\/www.tjaralin.one\/sv\/wp-json\/wp\/v2\/media?parent=1941"}],"wp:term":[{"taxonomy":"product_cat","embeddable":true,"href":"https:\/\/www.tjaralin.one\/sv\/wp-json\/wp\/v2\/product_cat?post=1941"},{"taxonomy":"product_tag","embeddable":true,"href":"https:\/\/www.tjaralin.one\/sv\/wp-json\/wp\/v2\/product_tag?post=1941"}],"curies":[{"name":"wp","href":"https:\/\/api.w.org\/{rel}","templated":true}]}}