{"id":1988,"date":"2023-10-06T14:52:17","date_gmt":"2023-10-06T12:52:17","guid":{"rendered":"https:\/\/tjaralinwp.azurewebsites.net\/?post_type=product&#038;p=1988"},"modified":"2026-05-11T19:48:26","modified_gmt":"2026-05-11T17:48:26","slug":"dor-og-vindu","status":"publish","type":"product","link":"https:\/\/tjaralin.no\/sv\/produkt\/dor-och-fonster\/","title":{"rendered":"D\u00f8r &amp; Vindu"},"content":{"rendered":"<p>Tj\u00e6ralin D\u00f8r &amp; Vindu \u00e4r en oljebaserad bets som kan appliceras direkt p\u00e5 nytt tr\u00e4, vilket eliminerar behovet av en separat grundf\u00e4rg. Produkten \u00e4r mycket l\u00e4mplig f\u00f6r f\u00f6nster, d\u00f6rrar, garage och staket. Mycket l\u00e4mplig f\u00f6r nytt tr\u00e4, men \u00e4ven utm\u00e4rkt p\u00e5 gammalt tr\u00e4. Den har en mycket bra kantt\u00e4ckning. Det \u00e4r en kul\u00f6rstabil produkt som p\u00e5verkas mindre av fukt\/regn direkt efter applicering. Taralin D\u00f6rr &amp; F\u00f6nster t\u00e4cker bra och \u00e4r l\u00e4tt att anv\u00e4nda. Den inneh\u00e5ller UV-skydd, kinesisk tr\u00e4olja och svampd\u00f6dande medel som ger bra ytegenskaper och bevarar tr\u00e4et p\u00e5 djupet. Taralin D\u00f6rr &amp; F\u00f6nster kan m\u00e5las \u00f6ver.<\/p>\n<p>Kom ig\u00e5ng med ditt arbete\u00a0<a href=\"https:\/\/tjaralin.no\/sv\/b\/25\/kom-i-gang-med-tjaeralin-dor-og-vindu\/\">h\u00e4r!<\/a><\/p>","protected":false},"excerpt":{"rendered":"<p style=\"text-align: center;\">Marknadens b\u00e4sta d\u00e4ck!<\/p>\n<ul style=\"text-align: left;\">\n<li>Primer och t\u00e4ckf\u00e4rg i ett<\/li>\n<li>Bra kantt\u00e4ckning och utflyt<\/li>\n<li>Suveren t\u00e4ckning<\/li>\n<\/ul>\n<p>&nbsp;<\/p>","protected":false},"featured_media":8544,"template":"","meta":[],"product_cat":[33],"product_tag":[42,123,122,126],"class_list":{"0":"post-1988","1":"product","2":"type-product","3":"status-publish","4":"has-post-thumbnail","6":"product_cat-ute","7":"product_tag-dekkbeis","8":"product_tag-dor-vindu-list","9":"product_tag-matt","10":"product_tag-oljebasert","12":"first","13":"instock","14":"shipping-taxable","15":"purchasable","16":"product-type-simple"},"aioseo_notices":[],"_links":{"self":[{"href":"https:\/\/tjaralin.no\/sv\/wp-json\/wp\/v2\/product\/1988"}],"collection":[{"href":"https:\/\/tjaralin.no\/sv\/wp-json\/wp\/v2\/product"}],"about":[{"href":"https:\/\/tjaralin.no\/sv\/wp-json\/wp\/v2\/types\/product"}],"wp:featuredmedia":[{"embeddable":true,"href":"https:\/\/tjaralin.no\/sv\/wp-json\/wp\/v2\/media\/8544"}],"wp:attachment":[{"href":"https:\/\/tjaralin.no\/sv\/wp-json\/wp\/v2\/media?parent=1988"}],"wp:term":[{"taxonomy":"product_cat","embeddable":true,"href":"https:\/\/tjaralin.no\/sv\/wp-json\/wp\/v2\/product_cat?post=1988"},{"taxonomy":"product_tag","embeddable":true,"href":"https:\/\/tjaralin.no\/sv\/wp-json\/wp\/v2\/product_tag?post=1988"}],"curies":[{"name":"wp","href":"https:\/\/api.w.org\/{rel}","templated":true}]}}