{"id":3295,"date":"2023-11-16T08:48:40","date_gmt":"2023-11-16T07:48:40","guid":{"rendered":"https:\/\/tjaralinwp.azurewebsites.net\/?post_type=product&#038;p=3295"},"modified":"2026-04-28T14:59:15","modified_gmt":"2026-04-28T12:59:15","slug":"matt-beis","status":"publish","type":"product","link":"https:\/\/tjaralin.no\/sv\/produkt\/matt-betsad\/","title":{"rendered":"Beis 15"},"content":{"rendered":"<p>Tj\u00e6ralin Beis 15 kan legges rett p\u00e5 nytt treverk, du slipper egen grunning. Den har en h\u00f8y glans og gir en fantastisk gl\u00f8d. Produktet er sv\u00e6rt godt egnet for b\u00e5de nye og gamle trefasader. Det er et fargestabilt patentert produkt som er mindre p\u00e5virket av fuktighet\/regn direkte etter p\u00e5f\u00f8ring.<\/p>\n<p>Tj\u00e6ralin Beis 15 fremhever treverkets naturlige utseende og er dr\u00f8y i bruk. Den inneholder tretj\u00e6re, linolje og sopphindrende middel som gir gode overflateegenskaper og bevarer treverket. Tj\u00e6ralin Beis 15 kan overmales. Blandes i de aller fleste farger.<\/p>\n<p>Tj\u00e6ralin beis f\u00e5r du ogs\u00e5 i en blank variant.<\/p>\n<div id=\"gtx-trans\" style=\"position: absolute; left: 1273px; top: 0px;\">\n<div class=\"gtx-trans-icon\"><\/div>\n<\/div>","protected":false},"excerpt":{"rendered":"<p style=\"text-align: center;\">R\u00e4tt p\u00e5 nya tr\u00e4fasader<\/p>\n<ul>\n<li style=\"text-align: left;\">Primer och t\u00e4ckf\u00e4rg i ett<\/li>\n<li style=\"text-align: left;\">Lite l\u00f6sningsmedel<\/li>\n<li style=\"text-align: left;\">Matt - Glans 15!<\/li>\n<\/ul>","protected":false},"featured_media":8542,"template":"","meta":[],"product_cat":[33],"product_tag":[37],"class_list":{"0":"post-3295","1":"product","2":"type-product","3":"status-publish","4":"has-post-thumbnail","6":"product_cat-ute","7":"product_tag-beis","9":"first","10":"instock","11":"shipping-taxable","12":"product-type-simple"},"aioseo_notices":[],"_links":{"self":[{"href":"https:\/\/tjaralin.no\/sv\/wp-json\/wp\/v2\/product\/3295"}],"collection":[{"href":"https:\/\/tjaralin.no\/sv\/wp-json\/wp\/v2\/product"}],"about":[{"href":"https:\/\/tjaralin.no\/sv\/wp-json\/wp\/v2\/types\/product"}],"wp:featuredmedia":[{"embeddable":true,"href":"https:\/\/tjaralin.no\/sv\/wp-json\/wp\/v2\/media\/8542"}],"wp:attachment":[{"href":"https:\/\/tjaralin.no\/sv\/wp-json\/wp\/v2\/media?parent=3295"}],"wp:term":[{"taxonomy":"product_cat","embeddable":true,"href":"https:\/\/tjaralin.no\/sv\/wp-json\/wp\/v2\/product_cat?post=3295"},{"taxonomy":"product_tag","embeddable":true,"href":"https:\/\/tjaralin.no\/sv\/wp-json\/wp\/v2\/product_tag?post=3295"}],"curies":[{"name":"wp","href":"https:\/\/api.w.org\/{rel}","templated":true}]}}