{"id":3297,"date":"2023-11-16T09:00:14","date_gmt":"2023-11-16T08:00:14","guid":{"rendered":"https:\/\/tjaralinwp.azurewebsites.net\/?post_type=product&#038;p=3297"},"modified":"2024-04-02T11:10:25","modified_gmt":"2024-04-02T09:10:25","slug":"matt-dor-og-vindu","status":"publish","type":"product","link":"https:\/\/tjaralin.no\/sv\/produkt\/matt-dor-och-fonster\/","title":{"rendered":"Matt D\u00f8r &amp; Vindu"},"content":{"rendered":"<p>Tj\u00e6ralin Matt Door &amp; Window \u00e4r en oljebaserad t\u00e4ckande bets som kan appliceras direkt p\u00e5 nytt tr\u00e4 utan behov av grundf\u00e4rg. Produkten \u00e4r mycket l\u00e4mplig f\u00f6r f\u00f6nster, d\u00f6rrar, garage och staket. Mycket l\u00e4mplig f\u00f6r nytt tr\u00e4, men \u00e4ven utm\u00e4rkt p\u00e5 gammalt tr\u00e4. Den har en mycket bra kantt\u00e4ckning. Det \u00e4r en kul\u00f6rstabil produkt som p\u00e5verkas mindre av fukt\/regn direkt efter applicering. Tj\u00e6ralin D\u00f6rr &amp; F\u00f6nster t\u00e4cker bra och \u00e4r l\u00e4tt att anv\u00e4nda. Den inneh\u00e5ller UV-skydd, kinesisk tr\u00e4olja och svampd\u00f6dande medel som ger goda ytegenskaper och bevarar tr\u00e4ets djup. Tj\u00e6ralin D\u00f6rr &amp; F\u00f6nster kan m\u00e5las \u00f6ver.<\/p>\n<p>Kom ig\u00e5ng med ditt arbete\u00a0<a href=\"https:\/\/tjaralin.no\/sv\/b\/25\/kom-i-gang-med-tjaeralin-dor-og-vindu\/\">h\u00e4r!<\/a><\/p>","protected":false},"excerpt":{"rendered":"<p style=\"text-align: center;\">Du beh\u00f6ver ingen primer!<\/p>\n<ul style=\"text-align: left;\">\n<li>Primer och t\u00e4ckf\u00e4rg i ett<\/li>\n<li>Bra kantt\u00e4ckning och flyt<\/li>\n<li>Matt - Glans 20!<\/li>\n<\/ul>\n<p>&nbsp;<\/p>","protected":false},"featured_media":3397,"template":"","meta":[],"product_cat":[33],"product_tag":[42,123,122,126],"class_list":{"0":"post-3297","1":"product","2":"type-product","3":"status-publish","4":"has-post-thumbnail","6":"product_cat-ute","7":"product_tag-dekkbeis","8":"product_tag-dor-vindu-list","9":"product_tag-matt","10":"product_tag-oljebasert","12":"first","13":"instock","14":"shipping-taxable","15":"product-type-simple"},"aioseo_notices":[],"_links":{"self":[{"href":"https:\/\/tjaralin.no\/sv\/wp-json\/wp\/v2\/product\/3297"}],"collection":[{"href":"https:\/\/tjaralin.no\/sv\/wp-json\/wp\/v2\/product"}],"about":[{"href":"https:\/\/tjaralin.no\/sv\/wp-json\/wp\/v2\/types\/product"}],"wp:featuredmedia":[{"embeddable":true,"href":"https:\/\/tjaralin.no\/sv\/wp-json\/wp\/v2\/media\/3397"}],"wp:attachment":[{"href":"https:\/\/tjaralin.no\/sv\/wp-json\/wp\/v2\/media?parent=3297"}],"wp:term":[{"taxonomy":"product_cat","embeddable":true,"href":"https:\/\/tjaralin.no\/sv\/wp-json\/wp\/v2\/product_cat?post=3297"},{"taxonomy":"product_tag","embeddable":true,"href":"https:\/\/tjaralin.no\/sv\/wp-json\/wp\/v2\/product_tag?post=3297"}],"curies":[{"name":"wp","href":"https:\/\/api.w.org\/{rel}","templated":true}]}}