{"id":3298,"date":"2023-11-16T09:42:26","date_gmt":"2023-11-16T08:42:26","guid":{"rendered":"https:\/\/tjaralinwp.azurewebsites.net\/?post_type=product&#038;p=3298"},"modified":"2024-03-15T11:39:06","modified_gmt":"2024-03-15T10:39:06","slug":"gard","status":"publish","type":"product","link":"https:\/\/tjaralin.no\/sv\/produkt\/vakt\/","title":{"rendered":"G\u00e5rd"},"content":{"rendered":"<p>Tj\u00e6ralin Farm \u00e4r speciellt utvecklad f\u00f6r oisolerade byggnader som lador, uthus, ladug\u00e5rdar och ekonomibyggnader. Den finns i f\u00e4rgerna Barn Brown och Farm Red i 10-litersf\u00f6rpackningar och \u00e4r l\u00e4tt att applicera med en spruta.<\/p>\n<div id=\"gtx-trans\" style=\"position: absolute; left: -29px; top: 176px;\">\n<div class=\"gtx-trans-icon\"><\/div>\n<\/div>","protected":false},"excerpt":{"rendered":"<p style=\"text-align: center;\">Speciellt utvecklad f\u00f6r lantbruk!<\/p>\n<ul style=\"text-align: left;\">\n<li>Bevarar tr\u00e4verket<\/li>\n<li>T\u00e4cker v\u00e4l<\/li>\n<li>Primer och t\u00e4ckf\u00e4rg i ett<\/li>\n<\/ul>","protected":false},"featured_media":4508,"template":"","meta":[],"product_cat":[33],"product_tag":[42],"class_list":{"0":"post-3298","1":"product","2":"type-product","3":"status-publish","4":"has-post-thumbnail","6":"product_cat-ute","7":"product_tag-dekkbeis","9":"first","10":"instock","11":"downloadable","12":"shipping-taxable","13":"product-type-simple"},"aioseo_notices":[],"_links":{"self":[{"href":"https:\/\/tjaralin.no\/sv\/wp-json\/wp\/v2\/product\/3298"}],"collection":[{"href":"https:\/\/tjaralin.no\/sv\/wp-json\/wp\/v2\/product"}],"about":[{"href":"https:\/\/tjaralin.no\/sv\/wp-json\/wp\/v2\/types\/product"}],"wp:featuredmedia":[{"embeddable":true,"href":"https:\/\/tjaralin.no\/sv\/wp-json\/wp\/v2\/media\/4508"}],"wp:attachment":[{"href":"https:\/\/tjaralin.no\/sv\/wp-json\/wp\/v2\/media?parent=3298"}],"wp:term":[{"taxonomy":"product_cat","embeddable":true,"href":"https:\/\/tjaralin.no\/sv\/wp-json\/wp\/v2\/product_cat?post=3298"},{"taxonomy":"product_tag","embeddable":true,"href":"https:\/\/tjaralin.no\/sv\/wp-json\/wp\/v2\/product_tag?post=3298"}],"curies":[{"name":"wp","href":"https:\/\/api.w.org\/{rel}","templated":true}]}}