{"id":3299,"date":"2023-11-16T09:42:59","date_gmt":"2023-11-16T08:42:59","guid":{"rendered":"https:\/\/tjaralinwp.azurewebsites.net\/?post_type=product&#038;p=3299"},"modified":"2026-04-28T14:59:22","modified_gmt":"2026-04-28T12:59:22","slug":"terrassebeis","status":"publish","type":"product","link":"http:\/\/tjaralin.no\/sv\/produkt\/bets-for-terrass\/","title":{"rendered":"Terrassebeis"},"content":{"rendered":"<p>Tj\u00e6ralin Terrassebeis \u00e4r en alkydbaserad, vattenf\u00f6rtunnad specialbets f\u00f6r impregnerat tr\u00e4. Den inneh\u00e5ller ett svampd\u00f6dande medel, ger en h\u00e5llbar yta<br \/>\noch bevarar tr\u00e4et.<\/p>\n<p>Terrassbetsen f\u00f6rhindrar gr\u00e5ning och sprickbildning i tr\u00e4et och l\u00e4mnar en f\u00e4rgad, naturligt matt yta.<\/p>\n<ul>\n<li>F\u00f6rhindrar sprickor<\/li>\n<li>L\u00e5ng h\u00e5llbarhet<\/li>\n<li>Ett lager r\u00e4cker.<\/li>\n<\/ul>\n<div id=\"gtx-trans\" style=\"position: absolute; left: -29px; top: 176px;\">\n<div class=\"gtx-trans-icon\"><\/div>\n<\/div>","protected":false},"excerpt":{"rendered":"<p style=\"text-align: center;\">Alkydbaserad vattenf\u00f6rtunnad specialbets f\u00f6r impregnerade<br \/>\ntr\u00e4arbete<\/p>\n<ul style=\"text-align: left;\">\n<li>F\u00f6rhindrar sprickor<\/li>\n<li>L\u00e5ng h\u00e5llbarhet<\/li>\n<li>Ett lager r\u00e4cker.<\/li>\n<\/ul>","protected":false},"featured_media":8539,"template":"","meta":[],"product_cat":[33],"product_tag":[37,44],"class_list":{"0":"post-3299","1":"product","2":"type-product","3":"status-publish","4":"has-post-thumbnail","6":"product_cat-ute","7":"product_tag-beis","8":"product_tag-terrasse","10":"first","11":"instock","12":"downloadable","13":"shipping-taxable","14":"product-type-simple"},"aioseo_notices":[],"_links":{"self":[{"href":"http:\/\/tjaralin.no\/sv\/wp-json\/wp\/v2\/product\/3299"}],"collection":[{"href":"http:\/\/tjaralin.no\/sv\/wp-json\/wp\/v2\/product"}],"about":[{"href":"http:\/\/tjaralin.no\/sv\/wp-json\/wp\/v2\/types\/product"}],"wp:featuredmedia":[{"embeddable":true,"href":"http:\/\/tjaralin.no\/sv\/wp-json\/wp\/v2\/media\/8539"}],"wp:attachment":[{"href":"http:\/\/tjaralin.no\/sv\/wp-json\/wp\/v2\/media?parent=3299"}],"wp:term":[{"taxonomy":"product_cat","embeddable":true,"href":"http:\/\/tjaralin.no\/sv\/wp-json\/wp\/v2\/product_cat?post=3299"},{"taxonomy":"product_tag","embeddable":true,"href":"http:\/\/tjaralin.no\/sv\/wp-json\/wp\/v2\/product_tag?post=3299"}],"curies":[{"name":"wp","href":"https:\/\/api.w.org\/{rel}","templated":true}]}}