{"id":3301,"date":"2023-11-16T09:43:42","date_gmt":"2023-11-16T08:43:42","guid":{"rendered":"https:\/\/tjaralinwp.azurewebsites.net\/?post_type=product&#038;p=3301"},"modified":"2024-04-02T10:59:14","modified_gmt":"2024-04-02T08:59:14","slug":"edeltreolje","status":"publish","type":"product","link":"https:\/\/tjaralin.no\/sv\/produkt\/olja-for-adeltra\/","title":{"rendered":"Edeltreolje"},"content":{"rendered":"<p>Tj\u00e6ralin Edeltreolje \u00e4r en alkydbaserad transparent produkt. Den specialiserade oljan inneh\u00e5ller medel mot svamp och alger. Den har god penetrationsf\u00f6rm\u00e5ga och ger en vattenavvisande yta. Tj\u00e6ralin Edeltreolje anv\u00e4nds p\u00e5 tr\u00e4b\u00e5tar, tr\u00e4dg\u00e5rdsm\u00f6bler, terrasser m.m. Applicera ett skikt p\u00e5 nytt tr\u00e4. Starkt absorberande ytor b\u00f6r f\u00e5 en andra strykning inom 48 timmar. Applicera p\u00e5 3-4 br\u00e4dor och stryk l\u00e4ngs hela br\u00e4dans l\u00e4ngd. Ytan m\u00e5ste vara ren och torr.<\/p>\n<ul>\n<li>God intr\u00e4ngning<\/li>\n<li>F\u00f6rhindrar fukt och sprickbildning<\/li>\n<li>H\u00e5llbar film<\/li>\n<\/ul>\n<div id=\"gtx-trans\" style=\"position: absolute; left: -29px; top: 176px;\">\n<div class=\"gtx-trans-icon\"><\/div>\n<\/div>","protected":false},"excerpt":{"rendered":"<p style=\"text-align: center;\">Slitstark specialolja<\/p>\n<ul style=\"text-align: left;\">\n<li>God intr\u00e4ngning<\/li>\n<li>F\u00f6rhindrar sprickor<\/li>\n<li>H\u00e5llbar film<\/li>\n<\/ul>","protected":false},"featured_media":3939,"template":"","meta":[],"product_cat":[33],"product_tag":[45],"class_list":{"0":"post-3301","1":"product","2":"type-product","3":"status-publish","4":"has-post-thumbnail","6":"product_cat-ute","7":"product_tag-olje","9":"first","10":"instock","11":"downloadable","12":"shipping-taxable","13":"product-type-simple"},"aioseo_notices":[],"_links":{"self":[{"href":"https:\/\/tjaralin.no\/sv\/wp-json\/wp\/v2\/product\/3301"}],"collection":[{"href":"https:\/\/tjaralin.no\/sv\/wp-json\/wp\/v2\/product"}],"about":[{"href":"https:\/\/tjaralin.no\/sv\/wp-json\/wp\/v2\/types\/product"}],"wp:featuredmedia":[{"embeddable":true,"href":"https:\/\/tjaralin.no\/sv\/wp-json\/wp\/v2\/media\/3939"}],"wp:attachment":[{"href":"https:\/\/tjaralin.no\/sv\/wp-json\/wp\/v2\/media?parent=3301"}],"wp:term":[{"taxonomy":"product_cat","embeddable":true,"href":"https:\/\/tjaralin.no\/sv\/wp-json\/wp\/v2\/product_cat?post=3301"},{"taxonomy":"product_tag","embeddable":true,"href":"https:\/\/tjaralin.no\/sv\/wp-json\/wp\/v2\/product_tag?post=3301"}],"curies":[{"name":"wp","href":"https:\/\/api.w.org\/{rel}","templated":true}]}}