{"id":3402,"date":"2023-11-17T14:11:02","date_gmt":"2023-11-17T13:11:02","guid":{"rendered":"https:\/\/tjaralinwp.azurewebsites.net\/?post_type=product&#038;p=3402"},"modified":"2024-03-24T16:05:48","modified_gmt":"2024-03-24T15:05:48","slug":"uni-rens","status":"publish","type":"product","link":"https:\/\/www.tjaralin.one\/sv\/produkt\/endast-kemtvatt\/","title":{"rendered":"Universal reng\u00f6ringsmedel"},"content":{"rendered":"<p><span class=\"gray14\">Uni Rens 1-2-3 \u00e4r en otroligt effektiv universalprodukt. Den kan anv\u00e4ndas  som kombinerad f\u00e4rgborttagare, svamptv\u00e4tt och hustv\u00e4tt. Produkten  levereras koncentrerad i 1- eller 5-liters f\u00f6rpackning och sp\u00e4s ut i f\u00f6rh\u00e5llande till anv\u00e4ndningsomr\u00e5de. Uni Rens 1-2-3 \u00e4r mycket kraftig s\u00e5 se till att sk\u00f6lja bort tv\u00e5lrester ordentligt efter applicering. Levereras i 5-liters dunk och 1-liters flaska.\u00a0<\/span><span class=\"gray14\">Unirens 1-2-3 \u00e4r mycket kraftfull, s\u00e5 se till att tv\u00e5lrester sk\u00f6ljs bort noggrant efter applicering.<\/span><\/p>","protected":false},"excerpt":{"rendered":"<p style=\"text-align: center;\">F\u00e4rgborttagare, svampreng\u00f6rare och tv\u00e4ttmedel i ett!<\/p>\n<ul style=\"text-align: left;\">\n<li>3-i-1 - f\u00e4rgborttagare, svamptv\u00e4tt och hustv\u00e4tt<\/li>\n<li>Mycket kraftfull<\/li>\n<\/ul>","protected":false},"featured_media":3950,"template":"","meta":[],"product_cat":[33],"product_tag":[46],"class_list":{"0":"post-3402","1":"product","2":"type-product","3":"status-publish","4":"has-post-thumbnail","6":"product_cat-ute","7":"product_tag-vask","9":"first","10":"instock","11":"shipping-taxable","12":"product-type-simple"},"aioseo_notices":[],"_links":{"self":[{"href":"https:\/\/www.tjaralin.one\/sv\/wp-json\/wp\/v2\/product\/3402"}],"collection":[{"href":"https:\/\/www.tjaralin.one\/sv\/wp-json\/wp\/v2\/product"}],"about":[{"href":"https:\/\/www.tjaralin.one\/sv\/wp-json\/wp\/v2\/types\/product"}],"wp:featuredmedia":[{"embeddable":true,"href":"https:\/\/www.tjaralin.one\/sv\/wp-json\/wp\/v2\/media\/3950"}],"wp:attachment":[{"href":"https:\/\/www.tjaralin.one\/sv\/wp-json\/wp\/v2\/media?parent=3402"}],"wp:term":[{"taxonomy":"product_cat","embeddable":true,"href":"https:\/\/www.tjaralin.one\/sv\/wp-json\/wp\/v2\/product_cat?post=3402"},{"taxonomy":"product_tag","embeddable":true,"href":"https:\/\/www.tjaralin.one\/sv\/wp-json\/wp\/v2\/product_tag?post=3402"}],"curies":[{"name":"wp","href":"https:\/\/api.w.org\/{rel}","templated":true}]}}