{"id":3480,"date":"2024-01-12T01:42:50","date_gmt":"2024-01-12T00:42:50","guid":{"rendered":"https:\/\/tjaralinwp.azurewebsites.net\/?post_type=product&#038;p=3480"},"modified":"2024-03-24T16:11:01","modified_gmt":"2024-03-24T15:11:01","slug":"heft-og-sperregrunn","status":"publish","type":"product","link":"https:\/\/tjaralin.no\/sv\/produkt\/primer-for-lim-och-barriarer\/","title":{"rendered":"Heft og sperregrunn"},"content":{"rendered":"<p>Linea Adhesion\/Blocking Primer \u00e4r en vit vattenf\u00f6rtunnande akrylprimer som bildar en skyddande film som f\u00f6rhindrar intr\u00e4ngning av nikotin, tanniner, sot och bl\u00e4ck. Produkten \u00e4r l\u00e4tt att applicera och har goda vidh\u00e4ftningsegenskaper.<\/p>","protected":false},"excerpt":{"rendered":"<p style=\"text-align: center;\">Professionellt resultat<\/p>\n<ul style=\"text-align: left;\">\n<li>Utm\u00e4rkt vidh\u00e4ftning<\/li>\n<li>Bra t\u00e4ckning<\/li>\n<li>Torkar snabbt<\/li>\n<\/ul>","protected":false},"featured_media":3481,"template":"","meta":[],"product_cat":[34],"product_tag":[41],"class_list":{"0":"post-3480","1":"product","2":"type-product","3":"status-publish","4":"has-post-thumbnail","6":"product_cat-inne","7":"product_tag-grunning","9":"first","10":"instock","11":"shipping-taxable","12":"product-type-simple"},"aioseo_notices":[],"_links":{"self":[{"href":"https:\/\/tjaralin.no\/sv\/wp-json\/wp\/v2\/product\/3480"}],"collection":[{"href":"https:\/\/tjaralin.no\/sv\/wp-json\/wp\/v2\/product"}],"about":[{"href":"https:\/\/tjaralin.no\/sv\/wp-json\/wp\/v2\/types\/product"}],"wp:featuredmedia":[{"embeddable":true,"href":"https:\/\/tjaralin.no\/sv\/wp-json\/wp\/v2\/media\/3481"}],"wp:attachment":[{"href":"https:\/\/tjaralin.no\/sv\/wp-json\/wp\/v2\/media?parent=3480"}],"wp:term":[{"taxonomy":"product_cat","embeddable":true,"href":"https:\/\/tjaralin.no\/sv\/wp-json\/wp\/v2\/product_cat?post=3480"},{"taxonomy":"product_tag","embeddable":true,"href":"https:\/\/tjaralin.no\/sv\/wp-json\/wp\/v2\/product_tag?post=3480"}],"curies":[{"name":"wp","href":"https:\/\/api.w.org\/{rel}","templated":true}]}}