{"id":3508,"date":"2024-01-12T02:36:54","date_gmt":"2024-01-12T01:36:54","guid":{"rendered":"https:\/\/tjaralinwp.azurewebsites.net\/?post_type=product&#038;p=3508"},"modified":"2025-01-31T15:04:41","modified_gmt":"2025-01-31T14:04:41","slug":"marcopolo","status":"publish","type":"product","link":"https:\/\/tjaralin.no\/sv\/produkt\/marcopolo\/","title":{"rendered":"Marcopolo"},"content":{"rendered":"<p>En dekorativ f\u00e4rg som ger ett svagt metalliskt utseende. Kan anv\u00e4ndas p\u00e5 gips, sp\u00e5n, mur och plattor som har tapetserats tidigare. Produkten t\u00e4cker med en strykning och kan appliceras med pensel, roller eller svamp. Underlaget b\u00f6r vara grundat med en matt f\u00e4rg och ska vara sl\u00e4tt.<\/p>\n<p>Marcopolo finns i 5 basf\u00e4rger: guld, silver, brons, koppar och aluminium. Alla basf\u00e4rger kan anv\u00e4ndas som de \u00e4r eller blandas i f\u00e4rgblandare. Marcopolo \u00e4r vattenbaserad och torkar snabbt.<\/p>\n<ul>\n<li>Ett lager r\u00e4cker.<\/li>\n<li>Svagt metalliskt utseende<\/li>\n<li>Torkar snabbt<\/li>\n<\/ul>\n<div id=\"gtx-trans\" style=\"position: absolute; left: -29px; top: 176px;\">\n<div class=\"gtx-trans-icon\"><\/div>\n<\/div>","protected":false},"excerpt":{"rendered":"<p style=\"text-align: center;\">Sp\u00e4nnande effekter f\u00f6r din v\u00e4gg!<\/p>\n<ul style=\"text-align: left;\">\n<li>Ett lager r\u00e4cker.<\/li>\n<li>Svagt metalliskt utseende<\/li>\n<li>Torkar snabbt<\/li>\n<\/ul>","protected":false},"featured_media":3509,"template":"","meta":[],"product_cat":[35],"product_tag":[116],"class_list":{"0":"post-3508","1":"product","2":"type-product","3":"status-publish","4":"has-post-thumbnail","6":"product_cat-effektmaling","7":"product_tag-effektmaling","9":"first","10":"instock","11":"downloadable","12":"shipping-taxable","13":"product-type-simple"},"aioseo_notices":[],"_links":{"self":[{"href":"https:\/\/tjaralin.no\/sv\/wp-json\/wp\/v2\/product\/3508"}],"collection":[{"href":"https:\/\/tjaralin.no\/sv\/wp-json\/wp\/v2\/product"}],"about":[{"href":"https:\/\/tjaralin.no\/sv\/wp-json\/wp\/v2\/types\/product"}],"wp:featuredmedia":[{"embeddable":true,"href":"https:\/\/tjaralin.no\/sv\/wp-json\/wp\/v2\/media\/3509"}],"wp:attachment":[{"href":"https:\/\/tjaralin.no\/sv\/wp-json\/wp\/v2\/media?parent=3508"}],"wp:term":[{"taxonomy":"product_cat","embeddable":true,"href":"https:\/\/tjaralin.no\/sv\/wp-json\/wp\/v2\/product_cat?post=3508"},{"taxonomy":"product_tag","embeddable":true,"href":"https:\/\/tjaralin.no\/sv\/wp-json\/wp\/v2\/product_tag?post=3508"}],"curies":[{"name":"wp","href":"https:\/\/api.w.org\/{rel}","templated":true}]}}