{"id":3515,"date":"2024-01-12T02:41:29","date_gmt":"2024-01-12T01:41:29","guid":{"rendered":"https:\/\/tjaralinwp.azurewebsites.net\/?post_type=product&#038;p=3515"},"modified":"2024-04-02T11:52:43","modified_gmt":"2024-04-02T09:52:43","slug":"marcopolo-luxury","status":"publish","type":"product","link":"https:\/\/tjaralin.no\/sv\/produkt\/marcopolo-lyx\/","title":{"rendered":"Marcopolo Luxury"},"content":{"rendered":"<p>Marcopolo Luxury \u00e4r en dekorativ interi\u00f6rf\u00e4rg som ger en vacker metallic-effekt och skapar en charmig eller funkig atmosf\u00e4r. L\u00e4mplig f\u00f6r b\u00e5de<br \/>\nklassisk och modern design.<\/p>\n<p>Kompositionen \u00e4r berikad med specialpigment som skapar en yta med starka kontraster som varierar beroende p\u00e5 ljusf\u00f6rh\u00e5llandena. Finns i silver, aluminium, guld och vit bas.<\/p>\n<ul>\n<li>Sp\u00e4nnande effekter<\/li>\n<li>Svagt metalliskt utseende<\/li>\n<li>Torkar snabbt<\/li>\n<\/ul>\n<div id=\"gtx-trans\" style=\"position: absolute; left: -29px; top: 176px;\">\n<div class=\"gtx-trans-icon\"><\/div>\n<\/div>","protected":false},"excerpt":{"rendered":"<p style=\"text-align: center;\">N\u00e4r du vill ha n\u00e5got unikt p\u00e5 din v\u00e4gg!<\/p>\n<ul style=\"text-align: left;\">\n<li>Sp\u00e4nnande effekter<\/li>\n<li>Svagt metalliskt utseende<\/li>\n<li>Torkar snabbt<\/li>\n<\/ul>","protected":false},"featured_media":3513,"template":"","meta":[],"product_cat":[35],"product_tag":[116],"class_list":{"0":"post-3515","1":"product","2":"type-product","3":"status-publish","4":"has-post-thumbnail","6":"product_cat-effektmaling","7":"product_tag-effektmaling","9":"first","10":"instock","11":"downloadable","12":"shipping-taxable","13":"product-type-simple"},"aioseo_notices":[],"_links":{"self":[{"href":"https:\/\/tjaralin.no\/sv\/wp-json\/wp\/v2\/product\/3515"}],"collection":[{"href":"https:\/\/tjaralin.no\/sv\/wp-json\/wp\/v2\/product"}],"about":[{"href":"https:\/\/tjaralin.no\/sv\/wp-json\/wp\/v2\/types\/product"}],"wp:featuredmedia":[{"embeddable":true,"href":"https:\/\/tjaralin.no\/sv\/wp-json\/wp\/v2\/media\/3513"}],"wp:attachment":[{"href":"https:\/\/tjaralin.no\/sv\/wp-json\/wp\/v2\/media?parent=3515"}],"wp:term":[{"taxonomy":"product_cat","embeddable":true,"href":"https:\/\/tjaralin.no\/sv\/wp-json\/wp\/v2\/product_cat?post=3515"},{"taxonomy":"product_tag","embeddable":true,"href":"https:\/\/tjaralin.no\/sv\/wp-json\/wp\/v2\/product_tag?post=3515"}],"curies":[{"name":"wp","href":"https:\/\/api.w.org\/{rel}","templated":true}]}}