{"id":3516,"date":"2024-01-12T02:49:47","date_gmt":"2024-01-12T01:49:47","guid":{"rendered":"https:\/\/tjaralinwp.azurewebsites.net\/?post_type=product&#038;p=3516"},"modified":"2024-04-02T11:50:38","modified_gmt":"2024-04-02T09:50:38","slug":"fontego","status":"publish","type":"product","link":"https:\/\/tjaralin.no\/sv\/produkt\/fontego\/","title":{"rendered":"Fontego"},"content":{"rendered":"<p>En interi\u00f6rf\u00e4rg med en matt dekorativ effekt. Mjuk och livlig textur som h\u00e4mtar inspiration fr\u00e5n m\u00f6tesplatserna f\u00f6r olika kulturer och utbytet av v\u00e4rdefulla varor i ren\u00e4ssansens Venedig i v\u00e4rldens centrum.<\/p>\n<p>Fontego \u00e4r mycket l\u00e4tt att anv\u00e4nda. Ger dig m\u00f6jlighet att skapa sofistikerade effekter och passar perfekt f\u00f6r alla inredningsstilar. Levereras i basf\u00e4rgen Silver\/Argento. Kan blandas till m\u00e5nga olika f\u00e4rger. Basen kan ocks\u00e5 anv\u00e4ndas som den \u00e4r.<\/p>\n<div id=\"gtx-trans\" style=\"position: absolute; left: -29px; top: 176px;\">\n<div class=\"gtx-trans-icon\"><\/div>\n<\/div>","protected":false},"excerpt":{"rendered":"<p style=\"text-align: center;\">Matt dekorativ effekt.<\/p>\n<ul style=\"text-align: left;\">\n<li>L\u00e4tt att anv\u00e4nda<\/li>\n<li>Sofistikerade effekter<\/li>\n<li>Perfekt f\u00f6r alla inredningsstilar<\/li>\n<\/ul>","protected":false},"featured_media":3511,"template":"","meta":[],"product_cat":[35],"product_tag":[116],"class_list":{"0":"post-3516","1":"product","2":"type-product","3":"status-publish","4":"has-post-thumbnail","6":"product_cat-effektmaling","7":"product_tag-effektmaling","9":"first","10":"instock","11":"downloadable","12":"shipping-taxable","13":"product-type-simple"},"aioseo_notices":[],"_links":{"self":[{"href":"https:\/\/tjaralin.no\/sv\/wp-json\/wp\/v2\/product\/3516"}],"collection":[{"href":"https:\/\/tjaralin.no\/sv\/wp-json\/wp\/v2\/product"}],"about":[{"href":"https:\/\/tjaralin.no\/sv\/wp-json\/wp\/v2\/types\/product"}],"wp:featuredmedia":[{"embeddable":true,"href":"https:\/\/tjaralin.no\/sv\/wp-json\/wp\/v2\/media\/3511"}],"wp:attachment":[{"href":"https:\/\/tjaralin.no\/sv\/wp-json\/wp\/v2\/media?parent=3516"}],"wp:term":[{"taxonomy":"product_cat","embeddable":true,"href":"https:\/\/tjaralin.no\/sv\/wp-json\/wp\/v2\/product_cat?post=3516"},{"taxonomy":"product_tag","embeddable":true,"href":"https:\/\/tjaralin.no\/sv\/wp-json\/wp\/v2\/product_tag?post=3516"}],"curies":[{"name":"wp","href":"https:\/\/api.w.org\/{rel}","templated":true}]}}