{"id":3640,"date":"2024-01-31T11:03:18","date_gmt":"2024-01-31T10:03:18","guid":{"rendered":"https:\/\/tjaralinwp.azurewebsites.net\/?post_type=product&#038;p=3640"},"modified":"2024-04-02T11:53:31","modified_gmt":"2024-04-02T09:53:31","slug":"marcopolo-sable","status":"publish","type":"product","link":"https:\/\/tjaralin.no\/sv\/produkt\/marcopolo-sand\/","title":{"rendered":"Marcopolo Sable"},"content":{"rendered":"<p>\u00d6nskar du kalk-effekten men \u00e4r os\u00e4ker p\u00e5 om du v\u00e5gar? Prova d\u00e5 en s\u00e4ker produkt som alla lyckas med. Prova Marcopolo Sable. Detta \u00e4r en tuff effektm\u00e5lning som ger dig samma vackra utseende och yta som kalkf\u00e4rg,men som \u00e4r mycket l\u00e4ttare att applicera och som ger ett mycket bra resultat.<\/p>\n<p>Med Marcopolo Sable r\u00e4cker det med en strykning d\u00e5 den har en fantastisk t\u00e4ckf\u00f6rm\u00e5ga. Marcopolo kan du i princip anv\u00e4nda \u00f6verallt. K\u00f6ksv\u00e4ggar-Hallen-Vardagsrummet den \u00e4r mycket slitstark och t\u00e5lig. Produkten kan anv\u00e4ndas p\u00e5 de flesta underlag. Putsade v\u00e4ggar-tapetserade v\u00e4ggar-gipsskivor-sp\u00e5nskivor. mm. T\u00e4nk p\u00e5 att v\u00e4ggarna b\u00f6r vara helt sl\u00e4ta f\u00f6r att uppn\u00e5 b\u00e4sta och vackraste resultatet. Produkten t\u00e4cker mycket bra och kan appliceras med pensel- rulle eller svamp. Underlaget b\u00f6r vara grundat med en matt v\u00e4ggf\u00e4rg f\u00f6r b\u00e4sta resultat. Marcopolo Sable finns i baserna; Silver-Argento\/silver. Produkten \u00e4r vattenbaserad och torkar snabbt.<\/p>\n<div id=\"gtx-trans\" style=\"position: absolute; left: -29px; top: 176px;\">\n<div class=\"gtx-trans-icon\"><\/div>\n<\/div>","protected":false},"excerpt":{"rendered":"<p style=\"text-align: center;\">Kalk-effektg\u00f6rs enklare.<\/p>\n<ul style=\"text-align: left;\">\n<li>Sp\u00e4nnande effekter<\/li>\n<li>Svagt metalliskt utseende<\/li>\n<li>Kalk-effekt<\/li>\n<\/ul>","protected":false},"featured_media":3514,"template":"","meta":[],"product_cat":[35],"product_tag":[116],"class_list":{"0":"post-3640","1":"product","2":"type-product","3":"status-publish","4":"has-post-thumbnail","6":"product_cat-effektmaling","7":"product_tag-effektmaling","9":"first","10":"instock","11":"downloadable","12":"shipping-taxable","13":"product-type-simple"},"aioseo_notices":[],"_links":{"self":[{"href":"https:\/\/tjaralin.no\/sv\/wp-json\/wp\/v2\/product\/3640"}],"collection":[{"href":"https:\/\/tjaralin.no\/sv\/wp-json\/wp\/v2\/product"}],"about":[{"href":"https:\/\/tjaralin.no\/sv\/wp-json\/wp\/v2\/types\/product"}],"wp:featuredmedia":[{"embeddable":true,"href":"https:\/\/tjaralin.no\/sv\/wp-json\/wp\/v2\/media\/3514"}],"wp:attachment":[{"href":"https:\/\/tjaralin.no\/sv\/wp-json\/wp\/v2\/media?parent=3640"}],"wp:term":[{"taxonomy":"product_cat","embeddable":true,"href":"https:\/\/tjaralin.no\/sv\/wp-json\/wp\/v2\/product_cat?post=3640"},{"taxonomy":"product_tag","embeddable":true,"href":"https:\/\/tjaralin.no\/sv\/wp-json\/wp\/v2\/product_tag?post=3640"}],"curies":[{"name":"wp","href":"https:\/\/api.w.org\/{rel}","templated":true}]}}