{"id":4014,"date":"2024-03-01T16:28:13","date_gmt":"2024-03-01T15:28:13","guid":{"rendered":"https:\/\/tjaralinwp.azurewebsites.net\/?post_type=product&#038;p=4014"},"modified":"2024-04-02T11:06:10","modified_gmt":"2024-04-02T09:06:10","slug":"soppvask","status":"publish","type":"product","link":"https:\/\/tjaralin.no\/sv\/produkt\/soppkok\/","title":{"rendered":"Soppvask"},"content":{"rendered":"<p>Tj\u00e6ralin Soppvask kan anv\u00e4ndas som desinficeringsmedel och till borttagning av gr\u00f6nalger och m\u00f6gelsvamp. Den kan anv\u00e4ndas p\u00e5 husfasader, staket, terrasser, trappor, utem\u00f6bler osv.<\/p>\n<p>Eftersom det \u00e4r ett desinfektionsmedel ska det inte sk\u00f6ljas av efter applicering. Finns i 5-litersdunkar och 1-litersflaskor.<\/p>","protected":false},"excerpt":{"rendered":"<p style=\"text-align: center;\">Fantastisk borttagning av gr\u00f6nalger och m\u00f6gelsvamp.<\/p>\n<ul style=\"text-align: left;\">\n<li>Effektiv<\/li>\n<li>Tar bort svamp<\/li>\n<li>L\u00e5ngvarig effekt<\/li>\n<\/ul>","protected":false},"featured_media":3951,"template":"","meta":[],"product_cat":[33],"product_tag":[46],"class_list":{"0":"post-4014","1":"product","2":"type-product","3":"status-publish","4":"has-post-thumbnail","6":"product_cat-ute","7":"product_tag-vask","9":"first","10":"instock","11":"shipping-taxable","12":"product-type-simple"},"aioseo_notices":[],"_links":{"self":[{"href":"https:\/\/tjaralin.no\/sv\/wp-json\/wp\/v2\/product\/4014"}],"collection":[{"href":"https:\/\/tjaralin.no\/sv\/wp-json\/wp\/v2\/product"}],"about":[{"href":"https:\/\/tjaralin.no\/sv\/wp-json\/wp\/v2\/types\/product"}],"wp:featuredmedia":[{"embeddable":true,"href":"https:\/\/tjaralin.no\/sv\/wp-json\/wp\/v2\/media\/3951"}],"wp:attachment":[{"href":"https:\/\/tjaralin.no\/sv\/wp-json\/wp\/v2\/media?parent=4014"}],"wp:term":[{"taxonomy":"product_cat","embeddable":true,"href":"https:\/\/tjaralin.no\/sv\/wp-json\/wp\/v2\/product_cat?post=4014"},{"taxonomy":"product_tag","embeddable":true,"href":"https:\/\/tjaralin.no\/sv\/wp-json\/wp\/v2\/product_tag?post=4014"}],"curies":[{"name":"wp","href":"https:\/\/api.w.org\/{rel}","templated":true}]}}