{"id":6524,"date":"2024-03-27T14:02:26","date_gmt":"2024-03-27T13:02:26","guid":{"rendered":"https:\/\/tjaralinwp.azurewebsites.net\/?post_type=product&#038;p=6524"},"modified":"2024-04-02T11:08:02","modified_gmt":"2024-04-02T09:08:02","slug":"murmal-seis","status":"publish","type":"product","link":"https:\/\/tjaralin.no\/sv\/produkt\/murmal-seis\/","title":{"rendered":"Murmal Seis"},"content":{"rendered":"<p><span class=\"gray14\">Seis f\u00f6r Murmal \u00e4r en f\u00e4rgl\u00f6s v\u00e4tska avsedd f\u00f6r  f\u00f6rst\u00e4rkning av gamla murfasader. Den anv\u00e4nds  som grundf\u00e4rg p\u00e5 por\u00f6sa underlag och underlag som tidigare har m\u00e5lats med kalkf\u00e4rg, cementf\u00e4rg och  annan f\u00e4rg som bl\u00f6der igenom innan applicering av  Tj\u00e6ralin Murmal. Seis f\u00f6r Murmal kan ocks\u00e5 blandas 10\u201320 % direkt i Tj\u00e6ralin Murmal i f\u00f6rsta strykningen.\u00a0<\/span>Seis for Murmal kan ocks\u00e5 blandas 10-20 % direkt i Tj\u00e6ralin Murmal i f\u00f6rsta strykningen.<\/p>","protected":false},"excerpt":{"rendered":"<p style=\"text-align: center;\">Gl\u00f6m inte tegelv\u00e4ggen!<\/p>\n<ul style=\"text-align: left;\">\n<li>Grundf\u00e4rg f\u00f6r Tj\u00e6ralin Murmal<\/li>\n<li>F\u00f6rst\u00e4rker gamla tegelfasader<\/li>\n<li>Bindemedel av akryl<\/li>\n<\/ul>","protected":false},"featured_media":6528,"template":"","meta":[],"product_cat":[33],"product_tag":[41],"class_list":{"0":"post-6524","1":"product","2":"type-product","3":"status-publish","4":"has-post-thumbnail","6":"product_cat-ute","7":"product_tag-grunning","9":"first","10":"instock","11":"shipping-taxable","12":"product-type-simple"},"aioseo_notices":[],"_links":{"self":[{"href":"https:\/\/tjaralin.no\/sv\/wp-json\/wp\/v2\/product\/6524"}],"collection":[{"href":"https:\/\/tjaralin.no\/sv\/wp-json\/wp\/v2\/product"}],"about":[{"href":"https:\/\/tjaralin.no\/sv\/wp-json\/wp\/v2\/types\/product"}],"wp:featuredmedia":[{"embeddable":true,"href":"https:\/\/tjaralin.no\/sv\/wp-json\/wp\/v2\/media\/6528"}],"wp:attachment":[{"href":"https:\/\/tjaralin.no\/sv\/wp-json\/wp\/v2\/media?parent=6524"}],"wp:term":[{"taxonomy":"product_cat","embeddable":true,"href":"https:\/\/tjaralin.no\/sv\/wp-json\/wp\/v2\/product_cat?post=6524"},{"taxonomy":"product_tag","embeddable":true,"href":"https:\/\/tjaralin.no\/sv\/wp-json\/wp\/v2\/product_tag?post=6524"}],"curies":[{"name":"wp","href":"https:\/\/api.w.org\/{rel}","templated":true}]}}