{"id":6529,"date":"2024-03-27T14:10:32","date_gmt":"2024-03-27T13:10:32","guid":{"rendered":"https:\/\/tjaralinwp.azurewebsites.net\/?post_type=product&#038;p=6529"},"modified":"2024-04-02T11:45:46","modified_gmt":"2024-04-02T09:45:46","slug":"decorfilm","status":"publish","type":"product","link":"https:\/\/tjaralin.no\/sv\/produkt\/bakgrundsfilm\/","title":{"rendered":"Decorfilm"},"content":{"rendered":"<p>Decorfilm \u00e4r en vattensp\u00e4dbar skyddsbehandling f\u00f6r att specifikt skydda inv\u00e4ndiga och utv\u00e4ndiga ytor som behandlats med dekorativa produkter, vattenbaserade<br \/>\nf\u00e4rger och ytbel\u00e4ggningar.<\/p>\n<p>Den uretanmodifierade akrylformuleringen skapar en yta som \u00e4r l\u00e4tt att reng\u00f6ra och slitstark. Decorfilm \u00e4r en snabbtorkande och icke-gulnande produkt som har goda flyt- och vidh\u00e4ftningsegenskaper. Decorfilm har god best\u00e4ndighet mot hush\u00e5llsreng\u00f6ringsmedel.<\/p>\n<ul>\n<li>Skyddande film<\/li>\n<li>Matt och blank yta<\/li>\n<li>Bra tv\u00e4ttbarhet<\/li>\n<\/ul>\n<div id=\"gtx-trans\" style=\"position: absolute; left: -29px; top: 176px;\">\n<div class=\"gtx-trans-icon\"><\/div>\n<\/div>","protected":false},"excerpt":{"rendered":"<p style=\"text-align: center;\">Skapar en skyddande yto.<\/p>\n<ul style=\"text-align: left;\">\n<li>Skyddande film<\/li>\n<li>Matt och blank yta<\/li>\n<li>Bra tv\u00e4ttbarhet<\/li>\n<\/ul>","protected":false},"featured_media":6530,"template":"","meta":[],"product_cat":[35],"product_tag":[116],"class_list":{"0":"post-6529","1":"product","2":"type-product","3":"status-publish","4":"has-post-thumbnail","6":"product_cat-effektmaling","7":"product_tag-effektmaling","9":"first","10":"instock","11":"downloadable","12":"shipping-taxable","13":"product-type-simple"},"aioseo_notices":[],"_links":{"self":[{"href":"https:\/\/tjaralin.no\/sv\/wp-json\/wp\/v2\/product\/6529"}],"collection":[{"href":"https:\/\/tjaralin.no\/sv\/wp-json\/wp\/v2\/product"}],"about":[{"href":"https:\/\/tjaralin.no\/sv\/wp-json\/wp\/v2\/types\/product"}],"wp:featuredmedia":[{"embeddable":true,"href":"https:\/\/tjaralin.no\/sv\/wp-json\/wp\/v2\/media\/6530"}],"wp:attachment":[{"href":"https:\/\/tjaralin.no\/sv\/wp-json\/wp\/v2\/media?parent=6529"}],"wp:term":[{"taxonomy":"product_cat","embeddable":true,"href":"https:\/\/tjaralin.no\/sv\/wp-json\/wp\/v2\/product_cat?post=6529"},{"taxonomy":"product_tag","embeddable":true,"href":"https:\/\/tjaralin.no\/sv\/wp-json\/wp\/v2\/product_tag?post=6529"}],"curies":[{"name":"wp","href":"https:\/\/api.w.org\/{rel}","templated":true}]}}