{"id":6535,"date":"2024-03-27T14:54:28","date_gmt":"2024-03-27T13:54:28","guid":{"rendered":"https:\/\/tjaralinwp.azurewebsites.net\/?post_type=product&#038;p=6535"},"modified":"2024-04-02T11:48:33","modified_gmt":"2024-04-02T09:48:33","slug":"lunanuova","status":"publish","type":"product","link":"https:\/\/tjaralin.no\/sv\/produkt\/lunanuova\/","title":{"rendered":"Lunanuova"},"content":{"rendered":"<p>Lunanuova \u00e4r en akrylbaserad, transparent och dekorativ bel\u00e4ggning som skapar distinkta ytor med en grov textur best\u00e5ende av flerf\u00e4rgade<br \/>\nreflekterande kristaller. Lunanuova \u00e4r mycket l\u00e4tt att anv\u00e4nda och enkel och snabb att applicera. Detta g\u00f6r Lunanuova till en anv\u00e4ndarv\u00e4nlig dekorativ ytbehandling.<br \/>\nDu kan skapa olika dekorativa effekter och l\u00e5ta dina kreativa id\u00e9er komma till liv.<\/p>\n<p>Lunanuova passar bra i b\u00e5de klassiska och moderna hem. Produkten anv\u00e4nds p\u00e5 Marcopolo, Marcopolo Luxury eller Linea 10. Underlagets f\u00e4rg kan varieras efter \u00f6nskem\u00e5l.<\/p>\n<div id=\"gtx-trans\" style=\"position: absolute; left: -29px; top: 176px;\">\n<div class=\"gtx-trans-icon\"><\/div>\n<\/div>","protected":false},"excerpt":{"rendered":"<p style=\"text-align: center;\">L\u00e5t din kreativitet lysa igenom.<\/p>\n<ul style=\"text-align: left;\">\n<li>S\u00e4rpr\u00e4glad yta<\/li>\n<li>Reflekterande kristaller<\/li>\n<li>L\u00e4tt att anv\u00e4nda - snabb applicering<\/li>\n<\/ul>","protected":false},"featured_media":6531,"template":"","meta":[],"product_cat":[35],"product_tag":[116],"class_list":{"0":"post-6535","1":"product","2":"type-product","3":"status-publish","4":"has-post-thumbnail","6":"product_cat-effektmaling","7":"product_tag-effektmaling","9":"first","10":"instock","11":"downloadable","12":"shipping-taxable","13":"product-type-simple"},"aioseo_notices":[],"_links":{"self":[{"href":"https:\/\/tjaralin.no\/sv\/wp-json\/wp\/v2\/product\/6535"}],"collection":[{"href":"https:\/\/tjaralin.no\/sv\/wp-json\/wp\/v2\/product"}],"about":[{"href":"https:\/\/tjaralin.no\/sv\/wp-json\/wp\/v2\/types\/product"}],"wp:featuredmedia":[{"embeddable":true,"href":"https:\/\/tjaralin.no\/sv\/wp-json\/wp\/v2\/media\/6531"}],"wp:attachment":[{"href":"https:\/\/tjaralin.no\/sv\/wp-json\/wp\/v2\/media?parent=6535"}],"wp:term":[{"taxonomy":"product_cat","embeddable":true,"href":"https:\/\/tjaralin.no\/sv\/wp-json\/wp\/v2\/product_cat?post=6535"},{"taxonomy":"product_tag","embeddable":true,"href":"https:\/\/tjaralin.no\/sv\/wp-json\/wp\/v2\/product_tag?post=6535"}],"curies":[{"name":"wp","href":"https:\/\/api.w.org\/{rel}","templated":true}]}}