{"id":7061,"date":"2024-07-29T00:13:20","date_gmt":"2024-07-28T22:13:20","guid":{"rendered":"https:\/\/tjaralin.no\/?post_type=product&#038;p=7061"},"modified":"2026-05-11T19:25:00","modified_gmt":"2026-05-11T17:25:00","slug":"san-marco-heftgrunn","status":"publish","type":"product","link":"https:\/\/tjaralin.no\/sv\/produkt\/san-marco-haftprimer\/","title":{"rendered":"San Marco H\u00e4ftgrundning"},"content":{"rendered":"<p>San Marco Adhesion Primer \u00e4r en primer baserad p\u00e5 modifierade alkyder f\u00f6r anv\u00e4ndning p\u00e5 tapeter, remsor, paneler, sp\u00e5nskivor och tidigare m\u00e5lade ytor. Tj\u00e6ralin Staple Primer \u00e4r oljebaserad.<\/p>","protected":false},"excerpt":{"rendered":"<p style=\"text-align: center;\">Professionellt resultat<\/p>\n<ul style=\"text-align: left;\">\n<li>God vidh\u00e4ftning, utm\u00e4rkt fl\u00f6de<\/li>\n<li>Oljebaserad<\/li>\n<li>T\u00e4cker mycket bra<\/li>\n<\/ul>","protected":false},"featured_media":7374,"template":"","meta":[],"product_cat":[34],"product_tag":[41],"class_list":{"0":"post-7061","1":"product","2":"type-product","3":"status-publish","4":"has-post-thumbnail","6":"product_cat-inne","7":"product_tag-grunning","9":"first","10":"instock","11":"shipping-taxable","12":"purchasable","13":"product-type-simple"},"aioseo_notices":[],"_links":{"self":[{"href":"https:\/\/tjaralin.no\/sv\/wp-json\/wp\/v2\/product\/7061"}],"collection":[{"href":"https:\/\/tjaralin.no\/sv\/wp-json\/wp\/v2\/product"}],"about":[{"href":"https:\/\/tjaralin.no\/sv\/wp-json\/wp\/v2\/types\/product"}],"wp:featuredmedia":[{"embeddable":true,"href":"https:\/\/tjaralin.no\/sv\/wp-json\/wp\/v2\/media\/7374"}],"wp:attachment":[{"href":"https:\/\/tjaralin.no\/sv\/wp-json\/wp\/v2\/media?parent=7061"}],"wp:term":[{"taxonomy":"product_cat","embeddable":true,"href":"https:\/\/tjaralin.no\/sv\/wp-json\/wp\/v2\/product_cat?post=7061"},{"taxonomy":"product_tag","embeddable":true,"href":"https:\/\/tjaralin.no\/sv\/wp-json\/wp\/v2\/product_tag?post=7061"}],"curies":[{"name":"wp","href":"https:\/\/api.w.org\/{rel}","templated":true}]}}