{"id":7603,"date":"2024-10-01T09:15:44","date_gmt":"2024-10-01T07:15:44","guid":{"rendered":"https:\/\/tjaralin.no\/?post_type=product&#038;p=7603"},"modified":"2024-10-01T10:24:53","modified_gmt":"2024-10-01T08:24:53","slug":"allover-top","status":"publish","type":"product","link":"http:\/\/tjaralin.no\/sv\/produkt\/allover-top\/","title":{"rendered":"Helt\u00e4ckande topp"},"content":{"rendered":"<p>Vattenavvisande, skyddande och transparent topplack. Allover Top \u00e4r det transparenta och vattentunna skyddet f\u00f6r Allover-systemet, med en halvmatt finish. Produkten ger h\u00f6g best\u00e4ndighet mot vatten, varma och kalla v\u00e4tskor samt m\u00e5nga \u00e4mnen som vanligen anv\u00e4nds i bostads- och restaurangsektorn.<\/p>\n<div id=\"gtx-trans\" style=\"position: absolute; left: -29px; top: 176px;\">\n<div class=\"gtx-trans-icon\"><\/div>\n<\/div>","protected":false},"excerpt":{"rendered":"<p style=\"text-align: center;\">Bas med gr\u00f6vre textur.<\/p>\n<ul style=\"text-align: left;\">\n<li>H\u00e5llbar<\/li>\n<li>Tv\u00e4ttbar<\/li>\n<li>Vattenavvisande<\/li>\n<\/ul>","protected":false},"featured_media":7569,"template":"","meta":[],"product_cat":[34],"product_tag":[43],"class_list":{"0":"post-7603","1":"product","2":"type-product","3":"status-publish","4":"has-post-thumbnail","6":"product_cat-inne","7":"product_tag-maling","9":"first","10":"instock","11":"downloadable","12":"shipping-taxable","13":"product-type-simple"},"aioseo_notices":[],"_links":{"self":[{"href":"http:\/\/tjaralin.no\/sv\/wp-json\/wp\/v2\/product\/7603"}],"collection":[{"href":"http:\/\/tjaralin.no\/sv\/wp-json\/wp\/v2\/product"}],"about":[{"href":"http:\/\/tjaralin.no\/sv\/wp-json\/wp\/v2\/types\/product"}],"wp:featuredmedia":[{"embeddable":true,"href":"http:\/\/tjaralin.no\/sv\/wp-json\/wp\/v2\/media\/7569"}],"wp:attachment":[{"href":"http:\/\/tjaralin.no\/sv\/wp-json\/wp\/v2\/media?parent=7603"}],"wp:term":[{"taxonomy":"product_cat","embeddable":true,"href":"http:\/\/tjaralin.no\/sv\/wp-json\/wp\/v2\/product_cat?post=7603"},{"taxonomy":"product_tag","embeddable":true,"href":"http:\/\/tjaralin.no\/sv\/wp-json\/wp\/v2\/product_tag?post=7603"}],"curies":[{"name":"wp","href":"https:\/\/api.w.org\/{rel}","templated":true}]}}