{"id":8227,"date":"2025-05-06T15:18:12","date_gmt":"2025-05-06T13:18:12","guid":{"rendered":"https:\/\/tjaralin.no\/?post_type=product&#038;p=8227"},"modified":"2026-05-11T19:25:42","modified_gmt":"2026-05-11T17:25:42","slug":"continuo-top-comp-a","status":"publish","type":"product","link":"https:\/\/tjaralin.no\/sv\/produkt\/continuo-top-comp-a\/","title":{"rendered":"Continuo Top Comp A"},"content":{"rendered":"<div class=\"\">\n<p class=\"mp jm gi al am gj\">Continuo Top-produkterna \u00e4r transparenta, tv\u00e5komponents, vattenbaserade och icke-gulnande akryluretanbaserade ytbehandlingar\/lacker.<\/p>\n<\/div>\n<div class=\"\">\n<p class=\"mp jm gi al am gj\">Continuo \u00e4r en transparent silkesmatt tv\u00e5komponentslack. Den \u00e4r mycket vatten- och fl\u00e4ckavvisande och rekommenderas f\u00f6r mycket utsatta omr\u00e5den som duschzoner, k\u00f6ksb\u00e4nkar och liknande.<\/p>\n<p class=\"mp jm gi al am gj\">Continuo Top-produkterna \u00e4r idealiska f\u00f6r applicering med roller, pensel eller spray och ger en silkesmatt effekt d\u00e4r god best\u00e4ndighet mot vatten och v\u00e4tskor i allm\u00e4nhet kr\u00e4vs.<\/p>\n<p class=\"mp jm gi al am gj\">Continuo Top har h\u00f6g kemisk best\u00e4ndighet mot b\u00e5de kalla och varma v\u00e4tskor samt mot m\u00e5nga \u00e4mnen som \u00e4r vanligt f\u00f6rekommande i hemmet. COMP A och COMP B m\u00e5ste blandas f\u00f6re anv\u00e4ndning.<\/p>\n<\/div>\n<div id=\"gtx-trans\" style=\"position: absolute; left: -29px; top: 176px;\">\n<div class=\"gtx-trans-icon\"><\/div>\n<\/div>","protected":false},"excerpt":{"rendered":"<p style=\"text-align: center;\">Tv\u00e5komponentslack.<\/p>\n<ul style=\"text-align: left;\">\n<li>Transparent silkesmatta<\/li>\n<li>Vattenavvisande<\/li>\n<li>Extra skydd<\/li>\n<\/ul>","protected":false},"featured_media":8225,"template":"","meta":[],"product_cat":[34],"product_tag":[],"class_list":{"0":"post-8227","1":"product","2":"type-product","3":"status-publish","4":"has-post-thumbnail","6":"product_cat-inne","8":"first","9":"instock","10":"downloadable","11":"shipping-taxable","12":"purchasable","13":"product-type-simple"},"aioseo_notices":[],"_links":{"self":[{"href":"https:\/\/tjaralin.no\/sv\/wp-json\/wp\/v2\/product\/8227"}],"collection":[{"href":"https:\/\/tjaralin.no\/sv\/wp-json\/wp\/v2\/product"}],"about":[{"href":"https:\/\/tjaralin.no\/sv\/wp-json\/wp\/v2\/types\/product"}],"wp:featuredmedia":[{"embeddable":true,"href":"https:\/\/tjaralin.no\/sv\/wp-json\/wp\/v2\/media\/8225"}],"wp:attachment":[{"href":"https:\/\/tjaralin.no\/sv\/wp-json\/wp\/v2\/media?parent=8227"}],"wp:term":[{"taxonomy":"product_cat","embeddable":true,"href":"https:\/\/tjaralin.no\/sv\/wp-json\/wp\/v2\/product_cat?post=8227"},{"taxonomy":"product_tag","embeddable":true,"href":"https:\/\/tjaralin.no\/sv\/wp-json\/wp\/v2\/product_tag?post=8227"}],"curies":[{"name":"wp","href":"https:\/\/api.w.org\/{rel}","templated":true}]}}